{"id":9,"date":"2019-07-09T07:31:16","date_gmt":"2019-07-09T07:31:16","guid":{"rendered":"http:\/\/172.22.0.250\/wordpress\/?page_id=9"},"modified":"2024-06-12T13:07:26","modified_gmt":"2024-06-12T11:07:26","slug":"solicitud-de-alta-baja-en-el-servicio-de-whatsapp-del-ayuntamiento-de-malaga","status":"publish","type":"page","link":"https:\/\/whatsapp.motril.es\/","title":{"rendered":"Canal de WhatsApp del Ayuntamiento de Motril"},"content":{"rendered":"\n<p><strong>\u00a1\u00danete a nuestro canal de WhatsApp para estar siempre al tanto de toda la<br>informaci\u00f3n relevante!<\/strong><br>El Ayuntamiento de Motril puso en marcha un servicio de difusi\u00f3n de la informaci\u00f3n<br>municipal mediante WhatsApp en el afio 2019. &#8216;<br>Actualmente, en nuestro compromiso por mejorar la comunicaci\u00f3n y manteneros<br>al tanto de todas las novedades, queremos informaros nuevamente, sobre un<br>cambio importante en nuestra forma de difundir informaci\u00f3n.<br>Con el objetivo de optimizar la comunicaci\u00f3n y garantizar la privacidad de vuestros<br>datos, hemos decidido dejar de utilizar la l\u00ednea de difusi\u00f3n de WhatsApp y migrar a<br>un canal oficial de WhatsApp.<\/p>\n\n\n\n<p><br><strong>\u00bfPor qu\u00e9 un canal de WhatsApp?<\/strong><br>Los canales de WhatsApp nos permiten enviar mensajes de manera mas<br>organizada y eficiente, llegando a todos vosotros de forma r\u00e1pida y sin<br>comprometer vuestra privacidad.<\/p>\n\n\n\n<p><br><strong>Como seguir al Canal de WhatsApp del Ayuntamiento de Motril:<\/strong><br>ACCEDE A ESTE ENLACE: Desde tu m\u00f3vil o tablet \u2014<\/p>\n\n\n\n<p><a href=\"https:\/\/whatsapp.com\/channel\/0029VaUwxDjF1YlSUMpsjw34\">https:\/\/whatsapp.com\/channel\/0029VaUwxDjF1YlSUMpsjw34<\/a><br><\/p>\n\n\n\n<p><strong>ELIGE LA OPCION SEGUIR<\/strong>: Despu\u00e9s de acceder al enlace del paso anterior debes<br>pulsar sobre el bot\u00f3n \u00abSeguir\u00bb que figura en la parte superior del Canal de WhatsApp.<br>Desde ese \u2018momento ya podr\u00e1s ver, en la pesta\u00f1a \u00abNovedades\u00bb todas las<br>publicaciones que se vayan publicando.<\/p>\n\n\n\n<p><br><strong>ACTIVA O DESACTIVA LAS NOTIFICACIONES<\/strong>: Tambi\u00e9n cont\u00e1is con la opci\u00f3n de<br>activar o desactivar las notificaciones en vuestro dispositivo. Elegid aquella que<br>m\u00e1s se ajuste a vuestras necesidades.<\/p>\n","protected":false},"excerpt":{"rendered":"<p>\u00a1\u00danete a nuestro canal de WhatsApp para estar siempre al tanto de toda lainformaci\u00f3n relevante!El Ayuntamiento de Motril puso en marcha un servicio de difusi\u00f3n de la informaci\u00f3nmunicipal mediante WhatsApp en el afio 2019. &#8216;Actualmente, en nuestro compromiso por mejorar la comunicaci\u00f3n y mantenerosal tanto de todas las novedades, queremos [&hellip;]<\/p>\n","protected":false},"author":1,"featured_media":0,"parent":0,"menu_order":0,"comment_status":"closed","ping_status":"closed","template":"","meta":{"footnotes":""},"class_list":["post-9","page","type-page","status-publish","hentry"],"_links":{"self":[{"href":"https:\/\/whatsapp.motril.es\/index.php?rest_route=\/wp\/v2\/pages\/9","targetHints":{"allow":["GET"]}}],"collection":[{"href":"https:\/\/whatsapp.motril.es\/index.php?rest_route=\/wp\/v2\/pages"}],"about":[{"href":"https:\/\/whatsapp.motril.es\/index.php?rest_route=\/wp\/v2\/types\/page"}],"author":[{"embeddable":true,"href":"https:\/\/whatsapp.motril.es\/index.php?rest_route=\/wp\/v2\/users\/1"}],"replies":[{"embeddable":true,"href":"https:\/\/whatsapp.motril.es\/index.php?rest_route=%2Fwp%2Fv2%2Fcomments&post=9"}],"version-history":[{"count":53,"href":"https:\/\/whatsapp.motril.es\/index.php?rest_route=\/wp\/v2\/pages\/9\/revisions"}],"predecessor-version":[{"id":245,"href":"https:\/\/whatsapp.motril.es\/index.php?rest_route=\/wp\/v2\/pages\/9\/revisions\/245"}],"wp:attachment":[{"href":"https:\/\/whatsapp.motril.es\/index.php?rest_route=%2Fwp%2Fv2%2Fmedia&parent=9"}],"curies":[{"name":"wp","href":"https:\/\/api.w.org\/{rel}","templated":true}]}}